{"id":18,"date":"2025-07-01T14:34:51","date_gmt":"2025-07-01T14:34:51","guid":{"rendered":"https:\/\/audreyfissiaux.com\/?page_id=18"},"modified":"2025-12-19T13:27:42","modified_gmt":"2025-12-19T13:27:42","slug":"about","status":"publish","type":"page","link":"https:\/\/audreyfissiaux.com\/fr\/about\/","title":{"rendered":"\u00e0 propos"},"content":{"rendered":"<div data-elementor-type=\"wp-page\" data-elementor-id=\"18\" class=\"elementor elementor-18\" data-elementor-post-type=\"page\">\n\t\t\t\t<div class=\"elementor-element elementor-element-787bf546 e-con-full e-flex e-con e-parent\" data-id=\"787bf546\" data-element_type=\"container\" data-settings=\"{&quot;background_background&quot;:&quot;classic&quot;}\">\n\t\t<div class=\"elementor-element elementor-element-257c96e5 e-con-full e-flex e-con e-child\" data-id=\"257c96e5\" data-element_type=\"container\" data-settings=\"{&quot;background_background&quot;:&quot;slideshow&quot;,&quot;background_slideshow_gallery&quot;:[{&quot;id&quot;:241,&quot;url&quot;:&quot;http:\\\/\\\/audreyfissiaux.com\\\/wp-content\\\/uploads\\\/2025\\\/07\\\/Audrey2024_78-scaled.jpg&quot;}],&quot;background_slideshow_loop&quot;:&quot;yes&quot;,&quot;background_slideshow_slide_duration&quot;:5000,&quot;background_slideshow_slide_transition&quot;:&quot;fade&quot;,&quot;background_slideshow_transition_duration&quot;:500}\">\n\t\t\t\t<\/div>\n\t\t<div class=\"elementor-element elementor-element-55961da6 e-con-full e-flex e-con e-child\" data-id=\"55961da6\" data-element_type=\"container\">\n\t\t\t\t<div class=\"elementor-element elementor-element-1ea0d93 elementor-widget elementor-widget-text-editor\" data-id=\"1ea0d93\" data-element_type=\"widget\" data-widget_type=\"text-editor.default\">\n\t\t\t\t\t\t\t\t\t<p>\u00c0 PROPOS DE L'ARTISTE<\/p>\t\t\t\t\t\t\t\t<\/div>\n\t\t\t\t<div class=\"elementor-element elementor-element-14ca0217 elementor-widget elementor-widget-heading\" data-id=\"14ca0217\" data-element_type=\"widget\" data-widget_type=\"heading.default\">\n\t\t\t\t\t<h1 class=\"elementor-heading-title elementor-size-default\">Audrey <br>Fissiaux<\/h1>\t\t\t\t<\/div>\n\t\t\t\t<\/div>\n\t\t\t\t<\/div>\n\t\t<div class=\"elementor-element elementor-element-37e0929 e-flex e-con-boxed e-con e-parent\" data-id=\"37e0929\" data-element_type=\"container\" data-settings=\"{&quot;background_background&quot;:&quot;classic&quot;}\">\n\t\t\t\t\t<div class=\"e-con-inner\">\n\t\t<div class=\"elementor-element elementor-element-cfe0437 e-con-full e-flex e-con e-child\" data-id=\"cfe0437\" data-element_type=\"container\">\n\t\t\t\t<div class=\"elementor-element elementor-element-8096e4c elementor-widget elementor-widget-text-editor\" data-id=\"8096e4c\" data-element_type=\"widget\" data-widget_type=\"text-editor.default\">\n\t\t\t\t\t\t\t\t\t<p>Bas\u00e9e \u00e0 Majorque, je suis passionn\u00e9e par la d\u00e9coration, l\u2019art de vivre, les int\u00e9rieurs qui racontent une histoire \u2014 entre maison et atelier, je cherche \u00e0 mettre du beau dans les gestes simples du quotidien. Pour moi, l\u2019harmonie visuelle est essentielle : j\u2019aime les lignes imparfaites, les mati\u00e8res brutes, la douceur des couleurs naturelles. Mon esth\u00e9tique est guid\u00e9e par une recherche de beaut\u00e9 simple, sinc\u00e8re et organique.<\/p><p class=\"translation-block\">Je travaille la terre \u00e0 la main, sans moules, dans une approche instinctive et libre. Chaque pi\u00e8ce na\u00eet d\u2019un geste spontan\u00e9, d\u2019un ressenti. Rien n\u2019est fig\u00e9, tout est vivant. Je cr\u00e9e en petites quantit\u00e9s, avec lenteur et attention. Ce qui m\u2019importe, c\u2019est que l\u2019objet parle, qu\u2019il respire, qu\u2019il transmette quelque chose de vrai.<\/p><div><p>Je suis profond\u00e9ment inspir\u00e9e et hypnotis\u00e9e par l\u2019esth\u00e9tique des peuples-racines : ces cultures qui vivent au rythme de la nature, qui s\u2019ornent de bijoux, de tissus color\u00e9s vibrants empreint de toute une symbolique. Leur rapport \u00e0 la beaut\u00e9 est instinctif, enracin\u00e9, profond\u00e9ment incarn\u00e9.\nJ\u2019aime leurs maisons en terre, en paille, leurs tapis tiss\u00e9s \u00e0 la mais aux couleurs flamboyantes . Rien n\u2019est \u201cdesign\u00e9\u201d, tout est habit\u00e9. Il y a une po\u00e9sie du quotidien, un lien fort entre l\u2019objet, le geste et la vie. Cette esth\u00e9tique de la transmission, du sacr\u00e9 et du quotidien m\u2019\u00e9meut profond\u00e9ment.<\/p><p>La mati\u00e8re est mon point de d\u00e9part, mon terrain de jeu. Argile, fils, laine, coquillages, breloques \u2014 j\u2019aime leur toucher, leur odeur, leur r\u00e9sistance.<\/p><p>Mes voyages au N\u00e9pal, Inde, et particuli\u00e8rement le Maroc m\u2019ont nourrie : j\u2019y ai d\u00e9couvert des savoir-faire ancestraux, des gestes simples mais puissants, un lien organique avec la mati\u00e8re. L\u00e0-bas, la beaut\u00e9 na\u00eet souvent de ce qui est rudimentaire. C\u2019est cette simplicit\u00e9 vibrante que je cherche \u00e0 retrouver dans mes cr\u00e9ations.<\/p><\/div>\t\t\t\t\t\t\t\t<\/div>\n\t\t\t\t<\/div>\n\t\t<div class=\"elementor-element elementor-element-6be36b2 e-con-full e-flex e-con e-child\" data-id=\"6be36b2\" data-element_type=\"container\" data-settings=\"{&quot;background_background&quot;:&quot;slideshow&quot;,&quot;background_slideshow_gallery&quot;:[{&quot;id&quot;:242,&quot;url&quot;:&quot;http:\\\/\\\/audreyfissiaux.com\\\/wp-content\\\/uploads\\\/2025\\\/07\\\/Audrey2024_7-scaled.jpg&quot;}],&quot;background_slideshow_loop&quot;:&quot;yes&quot;,&quot;background_slideshow_slide_duration&quot;:5000,&quot;background_slideshow_slide_transition&quot;:&quot;fade&quot;,&quot;background_slideshow_transition_duration&quot;:500}\">\n\t\t\t\t<\/div>\n\t\t\t\t\t<\/div>\n\t\t\t\t<\/div>\n\t\t<div class=\"elementor-element elementor-element-314acc5 e-flex e-con-boxed e-con e-parent\" data-id=\"314acc5\" data-element_type=\"container\" data-settings=\"{&quot;background_background&quot;:&quot;classic&quot;}\">\n\t\t\t\t\t<div class=\"e-con-inner\">\n\t\t\t\t<div class=\"elementor-element elementor-element-b4136e7 elementor-widget elementor-widget-heading\" data-id=\"b4136e7\" data-element_type=\"widget\" data-widget_type=\"heading.default\">\n\t\t\t\t\t<h1 class=\"elementor-heading-title elementor-size-default\">\"Chaque cr\u00e9ation est une passerelle entre mes intuitions, mes voyages, et mon envie de transmettre. Ce que je creer, je le vois comme une offrande silencieuse, un fragment de lien \u00e0 d\u00e9poser dans les mains de quelqu\u2019un.\"<\/h1>\t\t\t\t<\/div>\n\t\t\t\t\t<\/div>\n\t\t\t\t<\/div>\n\t\t<div class=\"elementor-element elementor-element-4d6e4af2 e-con-full e-flex e-con e-parent\" data-id=\"4d6e4af2\" data-element_type=\"container\" data-settings=\"{&quot;background_background&quot;:&quot;slideshow&quot;,&quot;background_slideshow_gallery&quot;:[{&quot;id&quot;:479,&quot;url&quot;:&quot;http:\\\/\\\/audreyfissiaux.com\\\/wp-content\\\/uploads\\\/2025\\\/09\\\/MG_0446-scaled.jpg&quot;}],&quot;background_slideshow_loop&quot;:&quot;yes&quot;,&quot;background_slideshow_slide_duration&quot;:5000,&quot;background_slideshow_slide_transition&quot;:&quot;fade&quot;,&quot;background_slideshow_transition_duration&quot;:500}\">\n\t\t\t\t<div class=\"elementor-element elementor-element-dda48f5 elementor-align-center elementor-widget elementor-widget-button\" data-id=\"dda48f5\" data-element_type=\"widget\" data-widget_type=\"button.default\">\n\t\t\t\t\t\t\t\t\t\t<a class=\"elementor-button elementor-button-link elementor-size-sm\" href=\"https:\/\/audreyfissiaux.com\/fr\/collections\/\">\n\t\t\t\t\t\t<span class=\"elementor-button-content-wrapper\">\n\t\t\t\t\t\t\t\t\t<span class=\"elementor-button-text\">VOIR LES COLLECTIONS<\/span>\n\t\t\t\t\t<\/span>\n\t\t\t\t\t<\/a>\n\t\t\t\t\t\t\t\t<\/div>\n\t\t\t\t<\/div>\n\t\t<div class=\"elementor-element elementor-element-ce4a111 e-flex e-con-boxed e-con e-parent\" data-id=\"ce4a111\" data-element_type=\"container\" data-settings=\"{&quot;background_background&quot;:&quot;classic&quot;}\">\n\t\t\t\t\t<div class=\"e-con-inner\">\n\t\t\t\t<div class=\"elementor-element elementor-element-ac8d98e elementor-widget elementor-widget-heading\" data-id=\"ac8d98e\" data-element_type=\"widget\" data-widget_type=\"heading.default\">\n\t\t\t\t\t<h1 class=\"elementor-heading-title elementor-size-default\">Ateliers<\/h1>\t\t\t\t<\/div>\n\t\t\t\t<div class=\"elementor-element elementor-element-b14b169 elementor-widget elementor-widget-text-editor\" data-id=\"b14b169\" data-element_type=\"widget\" data-widget_type=\"text-editor.default\">\n\t\t\t\t\t\t\t\t\t<p><span style=\"white-space-collapse: preserve;\">Veuillez nous contacter pour plus d'informations.<\/span><\/p>\t\t\t\t\t\t\t\t<\/div>\n\t\t\t\t<div class=\"elementor-element elementor-element-a167738 elementor-widget elementor-widget-button\" data-id=\"a167738\" data-element_type=\"widget\" data-widget_type=\"button.default\">\n\t\t\t\t\t\t\t\t\t\t<a class=\"elementor-button elementor-button-link elementor-size-sm\" href=\"https:\/\/audreyfissiaux.com\/fr\/contact\/\">\n\t\t\t\t\t\t<span class=\"elementor-button-content-wrapper\">\n\t\t\t\t\t\t\t\t\t<span class=\"elementor-button-text\">Contact <\/span>\n\t\t\t\t\t<\/span>\n\t\t\t\t\t<\/a>\n\t\t\t\t\t\t\t\t<\/div>\n\t\t\t\t\t<\/div>\n\t\t\t\t<\/div>\n\t\t<div class=\"elementor-element elementor-element-ccc6963 e-flex e-con-boxed e-con e-parent\" data-id=\"ccc6963\" data-element_type=\"container\">\n\t\t\t\t\t<div class=\"e-con-inner\">\n\t\t<div class=\"elementor-element elementor-element-a088272 e-con-full e-flex e-con e-child\" data-id=\"a088272\" data-element_type=\"container\">\n\t\t\t\t<div class=\"elementor-element elementor-element-e332df1 elementor-widget elementor-widget-heading\" data-id=\"e332df1\" data-element_type=\"widget\" data-widget_type=\"heading.default\">\n\t\t\t\t\t<h1 class=\"elementor-heading-title elementor-size-default\">Can Om Showroom<\/h1>\t\t\t\t<\/div>\n\t\t\t\t<div class=\"elementor-element elementor-element-d3fa7b1 elementor-widget elementor-widget-text-editor\" data-id=\"d3fa7b1\" data-element_type=\"widget\" data-widget_type=\"text-editor.default\">\n\t\t\t\t\t\t\t\t\t<div><p>Bienvenue \u00e0 Can Om, notre maison, notre r\u00eave devenu r\u00e9alit\u00e9. Avec Victor, mon compagnon de vie, nous avons pos\u00e9 nos valises ici il y a neuf ans, dans un lieu oubli\u00e9, une finca abandonn\u00e9e\u2026 et nous avons commenc\u00e9 \u00e0 tout reconstruire. Pas seulement les murs, mais aussi une fa\u00e7on de vivre \u2013 plus douce, plus consciente, plus connect\u00e9e \u00e0 la nature.<\/p><p>Can Om, c\u2019est notre projet de vie. Une \u0153uvre commune, n\u00e9e de notre amour et de nos compl\u00e9mentarit\u00e9s. C\u2019est notre terrain de jeu, notre laboratoire de cr\u00e9ation, notre refuge. Un lieu que nous fa\u00e7onnons chaque jour avec patience et passion, selon les principes de la permaculture.<\/p><p>Notre ambition est de cr\u00e9er un oasis de paix. Un \u00e9cosyst\u00e8me durable o\u00f9 l\u2019on plante des arbres, o\u00f9 l\u2019eau est utilis\u00e9e intelligemment, o\u00f9 les toilettes sont s\u00e8ches, et o\u00f9 la biodiversit\u00e9 est reine.\u00a0<\/p><\/div><div dir=\"ltr\">\u00a0<\/div><div><p>Mais Can Om, c\u2019est aussi un lieu vivant : un petit bar pour accueillir, un espace de rencontre, d\u2019\u00e9change, de culture, une mini-communaut\u00e9 \u00e0 taille humaine.<\/p><p>C\u2019est au c\u0153ur de cette vie simple et inspirante que se trouve mon showroom. Un espace intime, nich\u00e9 dans notre maison-atelier, o\u00f9 je vous invite \u00e0 d\u00e9couvrir mes c\u00e9ramiques. Chaque pi\u00e8ce y raconte une histoire, chaque forme na\u00eet d\u2019un geste lent et d\u2019une mati\u00e8re brute, fa\u00e7onn\u00e9e entre ciel et terre.<\/p><p>Je vous ouvre les portes de mon univers. Bienvenue chez moi.<\/p><\/div>\t\t\t\t\t\t\t\t<\/div>\n\t\t\t\t<div class=\"elementor-element elementor-element-669b46a elementor-align-left elementor-widget elementor-widget-button\" data-id=\"669b46a\" data-element_type=\"widget\" data-widget_type=\"button.default\">\n\t\t\t\t\t\t\t\t\t\t<a class=\"elementor-button elementor-button-link elementor-size-sm\" href=\"https:\/\/audreyfissiaux.com\/fr\/contact\/\">\n\t\t\t\t\t\t<span class=\"elementor-button-content-wrapper\">\n\t\t\t\t\t\t\t\t\t<span class=\"elementor-button-text\">Contact <\/span>\n\t\t\t\t\t<\/span>\n\t\t\t\t\t<\/a>\n\t\t\t\t\t\t\t\t<\/div>\n\t\t\t\t<\/div>\n\t\t<div class=\"elementor-element elementor-element-2bdfe68 e-con-full e-flex e-con e-child\" data-id=\"2bdfe68\" data-element_type=\"container\" data-settings=\"{&quot;background_background&quot;:&quot;slideshow&quot;,&quot;background_slideshow_gallery&quot;:[{&quot;id&quot;:573,&quot;url&quot;:&quot;http:\\\/\\\/audreyfissiaux.com\\\/wp-content\\\/uploads\\\/2025\\\/09\\\/IMG_3278-scaled.jpg&quot;}],&quot;background_slideshow_loop&quot;:&quot;yes&quot;,&quot;background_slideshow_slide_duration&quot;:5000,&quot;background_slideshow_slide_transition&quot;:&quot;fade&quot;,&quot;background_slideshow_transition_duration&quot;:500}\">\n\t\t\t\t<\/div>\n\t\t\t\t\t<\/div>\n\t\t\t\t<\/div>\n\t\t\t\t<\/div>","protected":false},"excerpt":{"rendered":"<p>ABOUT THE ARTIST Audrey Fissiaux Based in Mallorca, I am passionate about decoration, the art of living, and interiors that tell a story.\u00a0 Between home and studio, I seek to bring beauty to simple everyday\u00a0practices. For me, visual harmony is essential: I love imperfect lines, raw materials, and the softness of natural colors. My aesthetic [&hellip;]<\/p>","protected":false},"author":1,"featured_media":0,"parent":0,"menu_order":0,"comment_status":"closed","ping_status":"closed","template":"","meta":{"footnotes":""},"class_list":["post-18","page","type-page","status-publish","hentry"],"blocksy_meta":[],"aioseo_notices":[],"_links":{"self":[{"href":"https:\/\/audreyfissiaux.com\/fr\/wp-json\/wp\/v2\/pages\/18","targetHints":{"allow":["GET"]}}],"collection":[{"href":"https:\/\/audreyfissiaux.com\/fr\/wp-json\/wp\/v2\/pages"}],"about":[{"href":"https:\/\/audreyfissiaux.com\/fr\/wp-json\/wp\/v2\/types\/page"}],"author":[{"embeddable":true,"href":"https:\/\/audreyfissiaux.com\/fr\/wp-json\/wp\/v2\/users\/1"}],"replies":[{"embeddable":true,"href":"https:\/\/audreyfissiaux.com\/fr\/wp-json\/wp\/v2\/comments?post=18"}],"version-history":[{"count":58,"href":"https:\/\/audreyfissiaux.com\/fr\/wp-json\/wp\/v2\/pages\/18\/revisions"}],"predecessor-version":[{"id":676,"href":"https:\/\/audreyfissiaux.com\/fr\/wp-json\/wp\/v2\/pages\/18\/revisions\/676"}],"wp:attachment":[{"href":"https:\/\/audreyfissiaux.com\/fr\/wp-json\/wp\/v2\/media?parent=18"}],"curies":[{"name":"wp","href":"https:\/\/api.w.org\/{rel}","templated":true}]}}