{"id":15,"date":"2025-07-01T14:34:12","date_gmt":"2025-07-01T14:34:12","guid":{"rendered":"https:\/\/audreyfissiaux.com\/?page_id=15"},"modified":"2025-09-18T09:16:15","modified_gmt":"2025-09-18T09:16:15","slug":"home","status":"publish","type":"page","link":"https:\/\/audreyfissiaux.com\/fr\/","title":{"rendered":"Accueil"},"content":{"rendered":"<div data-elementor-type=\"wp-page\" data-elementor-id=\"15\" class=\"elementor elementor-15\" data-elementor-post-type=\"page\">\n\t\t\t\t<div class=\"elementor-element elementor-element-e3f4161 e-con-full e-flex e-con e-parent\" data-id=\"e3f4161\" data-element_type=\"container\" data-settings=\"{&quot;background_background&quot;:&quot;slideshow&quot;,&quot;background_slideshow_gallery&quot;:[{&quot;id&quot;:462,&quot;url&quot;:&quot;http:\\\/\\\/audreyfissiaux.com\\\/wp-content\\\/uploads\\\/2025\\\/09\\\/MG_0238-scaled.jpg&quot;},{&quot;id&quot;:490,&quot;url&quot;:&quot;http:\\\/\\\/audreyfissiaux.com\\\/wp-content\\\/uploads\\\/2025\\\/09\\\/MG_0482-scaled.jpg&quot;},{&quot;id&quot;:535,&quot;url&quot;:&quot;http:\\\/\\\/audreyfissiaux.com\\\/wp-content\\\/uploads\\\/2025\\\/09\\\/IMG_0604-scaled.jpg&quot;},{&quot;id&quot;:500,&quot;url&quot;:&quot;http:\\\/\\\/audreyfissiaux.com\\\/wp-content\\\/uploads\\\/2025\\\/09\\\/MG_0543-scaled.jpg&quot;}],&quot;background_slideshow_loop&quot;:&quot;yes&quot;,&quot;background_slideshow_slide_duration&quot;:5000,&quot;background_slideshow_slide_transition&quot;:&quot;fade&quot;,&quot;background_slideshow_transition_duration&quot;:500}\">\n\t\t\t\t<div class=\"elementor-element elementor-element-c5065dd elementor-widget elementor-widget-heading\" data-id=\"c5065dd\" data-element_type=\"widget\" data-widget_type=\"heading.default\">\n\t\t\t\t\t<h2 class=\"elementor-heading-title elementor-size-default\">BIENVENUE DANS LE MONDE DE<\/h2>\t\t\t\t<\/div>\n\t\t\t\t<div class=\"elementor-element elementor-element-587fafd elementor-widget elementor-widget-heading\" data-id=\"587fafd\" data-element_type=\"widget\" data-widget_type=\"heading.default\">\n\t\t\t\t\t<h1 class=\"elementor-heading-title elementor-size-default\">Audrey Fissiaux<\/h1>\t\t\t\t<\/div>\n\t\t\t\t<div class=\"elementor-element elementor-element-1475d6d elementor-widget__width-initial elementor-widget elementor-widget-text-editor\" data-id=\"1475d6d\" data-element_type=\"widget\" data-widget_type=\"text-editor.default\">\n\t\t\t\t\t\t\t\t\t<h2 class=\"elementor-heading-title elementor-size-default elementor-inline-editing pen\" contenteditable=\"true\" data-elementor-setting-key=\"title\" data-pen-placeholder=\"Type Here...\">Pi\u00e8ces d'art en c\u00e9ramique faites \u00e0 la main et uniques au c\u0153ur de Majorque<\/h2>\t\t\t\t\t\t\t\t<\/div>\n\t\t\t\t<\/div>\n\t\t<div class=\"elementor-element elementor-element-55e1e0e e-flex e-con-boxed e-con e-parent\" data-id=\"55e1e0e\" data-element_type=\"container\">\n\t\t\t\t\t<div class=\"e-con-inner\">\n\t\t<div class=\"elementor-element elementor-element-800114e e-con-full e-flex e-con e-child\" data-id=\"800114e\" data-element_type=\"container\">\n\t\t\t\t<div class=\"elementor-element elementor-element-9a85afb elementor-widget elementor-widget-heading\" data-id=\"9a85afb\" data-element_type=\"widget\" data-widget_type=\"heading.default\">\n\t\t\t\t\t<h1 class=\"elementor-heading-title elementor-size-default\">Collections<\/h1>\t\t\t\t<\/div>\n\t\t\t\t<div class=\"elementor-element elementor-element-68aaa94 elementor-widget elementor-widget-text-editor\" data-id=\"68aaa94\" data-element_type=\"widget\" data-widget_type=\"text-editor.default\">\n\t\t\t\t\t\t\t\t\t<p class=\"translation-block\">Je travaille la terre \u00e0 la main, sans moules, dans une approche instinctive et libre. Chaque pi\u00e8ce na\u00eet d\u2019un geste spontan\u00e9, d\u2019un ressenti. Rien n\u2019est fig\u00e9, tout est vivant. Je cr\u00e9e en petites quantit\u00e9s, avec lenteur et attention. Ce qui m\u2019importe, c\u2019est que l\u2019objet parle, qu\u2019il respire, qu\u2019il transmette quelque chose de vrai.<\/p>\t\t\t\t\t\t\t\t<\/div>\n\t\t\t\t<\/div>\n\t\t<div class=\"elementor-element elementor-element-b7e77c4 e-con-full e-flex e-con e-child\" data-id=\"b7e77c4\" data-element_type=\"container\">\n\t\t\t\t<div class=\"elementor-element elementor-element-3104f14 elementor-widget elementor-widget-button\" data-id=\"3104f14\" data-element_type=\"widget\" data-widget_type=\"button.default\">\n\t\t\t\t\t\t\t\t\t\t<a class=\"elementor-button elementor-button-link elementor-size-sm\" href=\"https:\/\/audreyfissiaux.com\/fr\/collections\/\" id=\"SEE\">\n\t\t\t\t\t\t<span class=\"elementor-button-content-wrapper\">\n\t\t\t\t\t\t\t\t\t<span class=\"elementor-button-text\">VOIR TOUT<\/span>\n\t\t\t\t\t<\/span>\n\t\t\t\t\t<\/a>\n\t\t\t\t\t\t\t\t<\/div>\n\t\t\t\t<\/div>\n\t\t\t\t\t<\/div>\n\t\t\t\t<\/div>\n\t\t<div class=\"elementor-element elementor-element-5e48a5d e-flex e-con-boxed e-con e-parent\" data-id=\"5e48a5d\" data-element_type=\"container\">\n\t\t\t\t\t<div class=\"e-con-inner\">\n\t\t\t\t<div class=\"elementor-element elementor-element-9997730 elementor-absolute elementor-widget elementor-widget-gallery\" data-id=\"9997730\" data-element_type=\"widget\" data-settings=\"{&quot;gallery_layout&quot;:&quot;justified&quot;,&quot;ideal_row_height&quot;:{&quot;unit&quot;:&quot;px&quot;,&quot;size&quot;:400,&quot;sizes&quot;:[]},&quot;gap&quot;:{&quot;unit&quot;:&quot;px&quot;,&quot;size&quot;:4,&quot;sizes&quot;:[]},&quot;_position&quot;:&quot;absolute&quot;,&quot;ideal_row_height_tablet&quot;:{&quot;unit&quot;:&quot;px&quot;,&quot;size&quot;:299,&quot;sizes&quot;:[]},&quot;ideal_row_height_mobile&quot;:{&quot;unit&quot;:&quot;px&quot;,&quot;size&quot;:305,&quot;sizes&quot;:[]},&quot;gap_tablet&quot;:{&quot;unit&quot;:&quot;px&quot;,&quot;size&quot;:4,&quot;sizes&quot;:[]},&quot;lazyload&quot;:&quot;yes&quot;,&quot;gap_mobile&quot;:{&quot;unit&quot;:&quot;px&quot;,&quot;size&quot;:10,&quot;sizes&quot;:[]},&quot;link_to&quot;:&quot;file&quot;,&quot;overlay_background&quot;:&quot;yes&quot;,&quot;content_hover_animation&quot;:&quot;fade-in&quot;}\" data-widget_type=\"gallery.default\">\n\t\t\t\t\t\t\t<div class=\"elementor-gallery__container\">\n\t\t\t\t\t\t\t<a class=\"e-gallery-item elementor-gallery-item elementor-animated-content\" href=\"https:\/\/audreyfissiaux.com\/wp-content\/uploads\/2025\/09\/MG_0554-scaled.jpg\" data-elementor-open-lightbox=\"yes\" data-elementor-lightbox-slideshow=\"9997730\" data-elementor-lightbox-title=\"_MG_0554\" data-e-action-hash=\"#elementor-action%3Aaction%3Dlightbox%26settings%3DeyJpZCI6NTAxLCJ1cmwiOiJodHRwczpcL1wvYXVkcmV5Zmlzc2lhdXguY29tXC93cC1jb250ZW50XC91cGxvYWRzXC8yMDI1XC8wOVwvTUdfMDU1NC1zY2FsZWQuanBnIiwic2xpZGVzaG93IjoiOTk5NzczMCJ9\">\n\t\t\t\t\t<div class=\"e-gallery-image elementor-gallery-item__image\" data-thumbnail=\"https:\/\/audreyfissiaux.com\/wp-content\/uploads\/2025\/09\/MG_0554-scaled.jpg\" data-width=\"1892\" data-height=\"2560\" aria-label=\"\" role=\"img\" ><\/div>\n\t\t\t\t\t\t\t\t\t\t\t<div class=\"elementor-gallery-item__overlay\"><\/div>\n\t\t\t\t\t\t\t\t\t\t\t\t\t\t<\/a>\n\t\t\t\t\t\t\t<a class=\"e-gallery-item elementor-gallery-item elementor-animated-content\" href=\"https:\/\/audreyfissiaux.com\/wp-content\/uploads\/2025\/09\/MG_0441-scaled.jpg\" data-elementor-open-lightbox=\"yes\" data-elementor-lightbox-slideshow=\"9997730\" data-elementor-lightbox-title=\"_MG_0441\" data-e-action-hash=\"#elementor-action%3Aaction%3Dlightbox%26settings%3DeyJpZCI6NDc3LCJ1cmwiOiJodHRwczpcL1wvYXVkcmV5Zmlzc2lhdXguY29tXC93cC1jb250ZW50XC91cGxvYWRzXC8yMDI1XC8wOVwvTUdfMDQ0MS1zY2FsZWQuanBnIiwic2xpZGVzaG93IjoiOTk5NzczMCJ9\">\n\t\t\t\t\t<div class=\"e-gallery-image elementor-gallery-item__image\" data-thumbnail=\"https:\/\/audreyfissiaux.com\/wp-content\/uploads\/2025\/09\/MG_0441-scaled.jpg\" data-width=\"1858\" data-height=\"2560\" aria-label=\"\" role=\"img\" ><\/div>\n\t\t\t\t\t\t\t\t\t\t\t<div class=\"elementor-gallery-item__overlay\"><\/div>\n\t\t\t\t\t\t\t\t\t\t\t\t\t\t<\/a>\n\t\t\t\t\t\t\t<a class=\"e-gallery-item elementor-gallery-item elementor-animated-content\" href=\"https:\/\/audreyfissiaux.com\/wp-content\/uploads\/2025\/09\/MG_0397-scaled.jpg\" data-elementor-open-lightbox=\"yes\" data-elementor-lightbox-slideshow=\"9997730\" data-elementor-lightbox-title=\"_MG_0397\" data-e-action-hash=\"#elementor-action%3Aaction%3Dlightbox%26settings%3DeyJpZCI6NDY2LCJ1cmwiOiJodHRwczpcL1wvYXVkcmV5Zmlzc2lhdXguY29tXC93cC1jb250ZW50XC91cGxvYWRzXC8yMDI1XC8wOVwvTUdfMDM5Ny1zY2FsZWQuanBnIiwic2xpZGVzaG93IjoiOTk5NzczMCJ9\">\n\t\t\t\t\t<div class=\"e-gallery-image elementor-gallery-item__image\" data-thumbnail=\"https:\/\/audreyfissiaux.com\/wp-content\/uploads\/2025\/09\/MG_0397-scaled.jpg\" data-width=\"2560\" data-height=\"1919\" aria-label=\"\" role=\"img\" ><\/div>\n\t\t\t\t\t\t\t\t\t\t\t<div class=\"elementor-gallery-item__overlay\"><\/div>\n\t\t\t\t\t\t\t\t\t\t\t\t\t\t<\/a>\n\t\t\t\t\t<\/div>\n\t\t\t\t\t<\/div>\n\t\t\t\t\t<\/div>\n\t\t\t\t<\/div>\n\t\t<div class=\"elementor-element elementor-element-1f0c476 e-con-full e-flex e-con e-parent\" data-id=\"1f0c476\" data-element_type=\"container\" data-settings=\"{&quot;background_background&quot;:&quot;classic&quot;}\">\n\t\t<div class=\"elementor-element elementor-element-8358417 e-con-full e-flex e-con e-child\" data-id=\"8358417\" data-element_type=\"container\" data-settings=\"{&quot;background_background&quot;:&quot;slideshow&quot;,&quot;background_slideshow_gallery&quot;:[{&quot;id&quot;:84,&quot;url&quot;:&quot;http:\\\/\\\/audreyfissiaux.com\\\/wp-content\\\/uploads\\\/2025\\\/07\\\/Audrey2024_75-scaled.jpg&quot;}],&quot;background_slideshow_loop&quot;:&quot;yes&quot;,&quot;background_slideshow_slide_duration&quot;:5000,&quot;background_slideshow_slide_transition&quot;:&quot;fade&quot;,&quot;background_slideshow_transition_duration&quot;:500}\">\n\t\t\t\t<\/div>\n\t\t<div class=\"elementor-element elementor-element-1804670 e-con-full e-flex e-con e-child\" data-id=\"1804670\" data-element_type=\"container\">\n\t\t\t\t<div class=\"elementor-element elementor-element-3af700b elementor-widget elementor-widget-text-editor\" data-id=\"3af700b\" data-element_type=\"widget\" data-widget_type=\"text-editor.default\">\n\t\t\t\t\t\t\t\t\t<p>\u00c0 PROPOS DE L'ARTISTE<\/p>\t\t\t\t\t\t\t\t<\/div>\n\t\t\t\t<div class=\"elementor-element elementor-element-efc63b4 elementor-widget elementor-widget-heading\" data-id=\"efc63b4\" data-element_type=\"widget\" data-widget_type=\"heading.default\">\n\t\t\t\t\t<h1 class=\"elementor-heading-title elementor-size-default\">Audrey <br>Fissiaux<\/h1>\t\t\t\t<\/div>\n\t\t\t\t<div class=\"elementor-element elementor-element-2c6950f elementor-widget elementor-widget-button\" data-id=\"2c6950f\" data-element_type=\"widget\" data-widget_type=\"button.default\">\n\t\t\t\t\t\t\t\t\t\t<a class=\"elementor-button elementor-button-link elementor-size-sm\" href=\"https:\/\/audreyfissiaux.com\/fr\/about\/\" id=\"READ\">\n\t\t\t\t\t\t<span class=\"elementor-button-content-wrapper\">\n\t\t\t\t\t\t\t\t\t<span class=\"elementor-button-text\">LIRE LA SUITE<\/span>\n\t\t\t\t\t<\/span>\n\t\t\t\t\t<\/a>\n\t\t\t\t\t\t\t\t<\/div>\n\t\t\t\t<\/div>\n\t\t\t\t<\/div>\n\t\t<div class=\"elementor-element elementor-element-7d689e0a e-flex e-con-boxed e-con e-parent\" data-id=\"7d689e0a\" data-element_type=\"container\" data-settings=\"{&quot;background_background&quot;:&quot;classic&quot;}\">\n\t\t\t\t\t<div class=\"e-con-inner\">\n\t\t<div class=\"elementor-element elementor-element-6bd55580 e-con-full e-flex e-con e-child\" data-id=\"6bd55580\" data-element_type=\"container\" data-settings=\"{&quot;background_background&quot;:&quot;classic&quot;}\">\n\t\t\t\t<div class=\"elementor-element elementor-element-866ed33 elementor-widget elementor-widget-heading\" data-id=\"866ed33\" data-element_type=\"widget\" data-widget_type=\"heading.default\">\n\t\t\t\t\t<h1 class=\"elementor-heading-title elementor-size-default\">Contact<\/h1>\t\t\t\t<\/div>\n\t\t\t\t<div class=\"elementor-element elementor-element-bba9f41 elementor-widget elementor-widget-text-editor\" data-id=\"bba9f41\" data-element_type=\"widget\" data-widget_type=\"text-editor.default\">\n\t\t\t\t\t\t\t\t\t<p>Audrey Fissiaux<br \/>+33 783 73 88 13<br \/>+34 691 84 99 28<br \/>audolee@hotmail.com<\/p>\t\t\t\t\t\t\t\t<\/div>\n\t\t\t\t<div class=\"elementor-element elementor-element-ecfbfaf elementor-button-align-start elementor-widget elementor-widget-form\" data-id=\"ecfbfaf\" data-element_type=\"widget\" data-settings=\"{&quot;step_next_label&quot;:&quot;Next&quot;,&quot;step_previous_label&quot;:&quot;Previous&quot;,&quot;button_width&quot;:&quot;100&quot;,&quot;step_type&quot;:&quot;number_text&quot;,&quot;step_icon_shape&quot;:&quot;circle&quot;}\" data-widget_type=\"form.default\">\n\t\t\t\t\t\t\t<form class=\"elementor-form\" method=\"post\" name=\"Contact Form\" aria-label=\"Contact Form\" action=\"\">\n\t\t\t<input type=\"hidden\" name=\"post_id\" value=\"15\"\/>\n\t\t\t<input type=\"hidden\" name=\"form_id\" value=\"ecfbfaf\"\/>\n\t\t\t<input type=\"hidden\" name=\"referer_title\" value=\"Home\" \/>\n\n\t\t\t\t\t\t\t<input type=\"hidden\" name=\"queried_id\" value=\"15\"\/>\n\t\t\t\n\t\t\t<div class=\"elementor-form-fields-wrapper elementor-labels-\">\n\t\t\t\t\t\t\t\t<div class=\"elementor-field-type-text elementor-field-group elementor-column elementor-field-group-name elementor-col-100 elementor-field-required\">\n\t\t\t\t\t\t\t\t\t\t\t\t<label for=\"form-field-name\" class=\"elementor-field-label elementor-screen-only\">\n\t\t\t\t\t\t\t\tVotre nom*\t\t\t\t\t\t\t<\/label>\n\t\t\t\t\t\t\t\t\t\t\t\t\t\t<input size=\"1\" type=\"text\" name=\"form_fields[name]\" id=\"form-field-name\" class=\"elementor-field elementor-size-sm  elementor-field-textual\" placeholder=\"Votre nom*\" required=\"required\">\n\t\t\t\t\t\t\t\t\t\t\t<\/div>\n\t\t\t\t\t\t\t\t<div class=\"elementor-field-type-email elementor-field-group elementor-column elementor-field-group-email elementor-col-100 elementor-field-required\">\n\t\t\t\t\t\t\t\t\t\t\t\t<label for=\"form-field-email\" class=\"elementor-field-label elementor-screen-only\">\n\t\t\t\t\t\t\t\tVotre mail*\t\t\t\t\t\t\t<\/label>\n\t\t\t\t\t\t\t\t\t\t\t\t\t\t<input size=\"1\" type=\"email\" name=\"form_fields[email]\" id=\"form-field-email\" class=\"elementor-field elementor-size-sm  elementor-field-textual\" placeholder=\"Votre mail*\" required=\"required\">\n\t\t\t\t\t\t\t\t\t\t\t<\/div>\n\t\t\t\t\t\t\t\t<div class=\"elementor-field-type-textarea elementor-field-group elementor-column elementor-field-group-message elementor-col-100 elementor-field-required\">\n\t\t\t\t\t\t\t\t\t\t\t\t<label for=\"form-field-message\" class=\"elementor-field-label elementor-screen-only\">\n\t\t\t\t\t\t\t\tMessage*\t\t\t\t\t\t\t<\/label>\n\t\t\t\t\t\t<textarea class=\"elementor-field-textual elementor-field  elementor-size-sm\" name=\"form_fields[message]\" id=\"form-field-message\" rows=\"3\" placeholder=\"Message*\" required=\"required\"><\/textarea>\t\t\t\t<\/div>\n\t\t\t\t\t\t\t\t<div class=\"elementor-field-group elementor-column elementor-field-type-submit elementor-col-100 e-form__buttons\">\n\t\t\t\t\t<button class=\"elementor-button elementor-size-sm\" type=\"submit\">\n\t\t\t\t\t\t<span class=\"elementor-button-content-wrapper\">\n\t\t\t\t\t\t\t\t\t\t\t\t\t\t\t\t\t\t\t\t\t\t<span class=\"elementor-button-text\">envoyer<\/span>\n\t\t\t\t\t\t\t\t\t\t\t\t\t<\/span>\n\t\t\t\t\t<\/button>\n\t\t\t\t<\/div>\n\t\t\t<\/div>\n\t\t<input type=\"hidden\" name=\"trp-form-language\" value=\"fr\"\/><\/form>\n\t\t\t\t\t\t<\/div>\n\t\t\t\t<\/div>\n\t\t<div class=\"elementor-element elementor-element-6fcdf43 e-con-full e-flex e-con e-child\" data-id=\"6fcdf43\" data-element_type=\"container\" data-settings=\"{&quot;background_background&quot;:&quot;classic&quot;}\">\n\t\t\t\t<\/div>\n\t\t\t\t\t<\/div>\n\t\t\t\t<\/div>\n\t\t\t\t<\/div>","protected":false},"excerpt":{"rendered":"<p>WELCOME TO THE WORLD OF Audrey Fissiaux Handmade and Unique Ceramic Art Pieces from the Heart of Mallorca \u200b Collections I work with clay by hand, without molds, using an\u00a0intuitive\u00a0and free approach. Each piece is born from a spontaneous\u00a0movement, from a feeling. Nothing is fixed, everything is alive. I create in small quantities, slowly and [&hellip;]<\/p>","protected":false},"author":1,"featured_media":51,"parent":0,"menu_order":0,"comment_status":"closed","ping_status":"closed","template":"","meta":{"footnotes":""},"class_list":["post-15","page","type-page","status-publish","has-post-thumbnail","hentry"],"blocksy_meta":[],"aioseo_notices":[],"_links":{"self":[{"href":"https:\/\/audreyfissiaux.com\/fr\/wp-json\/wp\/v2\/pages\/15","targetHints":{"allow":["GET"]}}],"collection":[{"href":"https:\/\/audreyfissiaux.com\/fr\/wp-json\/wp\/v2\/pages"}],"about":[{"href":"https:\/\/audreyfissiaux.com\/fr\/wp-json\/wp\/v2\/types\/page"}],"author":[{"embeddable":true,"href":"https:\/\/audreyfissiaux.com\/fr\/wp-json\/wp\/v2\/users\/1"}],"replies":[{"embeddable":true,"href":"https:\/\/audreyfissiaux.com\/fr\/wp-json\/wp\/v2\/comments?post=15"}],"version-history":[{"count":166,"href":"https:\/\/audreyfissiaux.com\/fr\/wp-json\/wp\/v2\/pages\/15\/revisions"}],"predecessor-version":[{"id":604,"href":"https:\/\/audreyfissiaux.com\/fr\/wp-json\/wp\/v2\/pages\/15\/revisions\/604"}],"wp:featuredmedia":[{"embeddable":true,"href":"https:\/\/audreyfissiaux.com\/fr\/wp-json\/wp\/v2\/media\/51"}],"wp:attachment":[{"href":"https:\/\/audreyfissiaux.com\/fr\/wp-json\/wp\/v2\/media?parent=15"}],"curies":[{"name":"wp","href":"https:\/\/api.w.org\/{rel}","templated":true}]}}